{"id":1650,"date":"2025-01-06T08:56:12","date_gmt":"2025-01-06T08:56:12","guid":{"rendered":"https:\/\/www.sahranime.rs\/?page_id=1650"},"modified":"2025-06-09T18:11:07","modified_gmt":"2025-06-09T18:11:07","slug":"sertifikati","status":"publish","type":"page","link":"https:\/\/www.sahranime.rs\/sr\/sertifikati\/","title":{"rendered":"Sertifikati"},"content":{"rendered":"<div data-elementor-type=\"wp-page\" data-elementor-id=\"1650\" class=\"elementor elementor-1650\">\n\t\t\t\t<div class=\"elementor-element elementor-element-8e5672b thegem-e-con-layout-elementor e-con-full e-flex e-con e-parent\" data-id=\"8e5672b\" data-element_type=\"container\" data-settings=\"{&quot;thegem_container_layout&quot;:&quot;elementor&quot;,&quot;shape_divider_top&quot;:&quot;pyramids&quot;,&quot;shape_divider_top_negative&quot;:&quot;yes&quot;,&quot;shape_divider_bottom&quot;:&quot;pyramids&quot;,&quot;shape_divider_bottom_negative&quot;:&quot;yes&quot;}\">\n\t\t\t\t<div class=\"elementor-shape elementor-shape-top\" data-negative=\"true\">\n\t\t\t<svg xmlns=\"http:\/\/www.w3.org\/2000\/svg\" viewbox=\"0 0 1000 100\" preserveaspectratio=\"none\">\n\t<path class=\"elementor-shape-fill\" d=\"M761.9,40.6L643.1,24L333.9,93.8L0.1,1H0v99h1000V1\"\/>\n<\/svg>\t\t<\/div>\n\t\t\t\t<div class=\"elementor-shape elementor-shape-bottom\" data-negative=\"true\">\n\t\t\t<svg xmlns=\"http:\/\/www.w3.org\/2000\/svg\" viewbox=\"0 0 1000 100\" preserveaspectratio=\"none\">\n\t<path class=\"elementor-shape-fill\" d=\"M761.9,40.6L643.1,24L333.9,93.8L0.1,1H0v99h1000V1\"\/>\n<\/svg>\t\t<\/div>\n\t\t\t\t<div class=\"elementor-element elementor-element-9f4b85d flex-horizontal-align-default flex-horizontal-align-tablet-default flex-horizontal-align-mobile-default flex-vertical-align-default flex-vertical-align-tablet-default flex-vertical-align-mobile-default elementor-widget elementor-widget-image\" data-id=\"9f4b85d\" data-element_type=\"widget\" data-widget_type=\"image.default\">\n\t\t\t\t<div class=\"elementor-widget-container\">\n\t\t\t\t\t\t\t\t\t\t\t\t\t\t\t<img width=\"1024\" height=\"680\" src=\"https:\/\/www.sahranime.rs\/wp-content\/uploads\/2025\/05\/wizard-media-7891-1024x680.webp\" class=\"attachment-large size-large wp-image-2552\" alt=\"\" srcset=\"https:\/\/www.sahranime.rs\/wp-content\/uploads\/2025\/05\/wizard-media-7891-1024x680.webp 1024w, https:\/\/www.sahranime.rs\/wp-content\/uploads\/2025\/05\/wizard-media-7891-300x199.webp 300w, https:\/\/www.sahranime.rs\/wp-content\/uploads\/2025\/05\/wizard-media-7891-768x510.webp 768w, https:\/\/www.sahranime.rs\/wp-content\/uploads\/2025\/05\/wizard-media-7891-1536x1021.webp 1536w, https:\/\/www.sahranime.rs\/wp-content\/uploads\/2025\/05\/wizard-media-7891-2048x1361.webp 2048w\" sizes=\"(max-width: 1024px) 100vw, 1024px\" \/>\t\t\t\t\t\t\t\t\t\t\t\t\t\t\t<\/div>\n\t\t\t\t<\/div>\n\t\t\t\t<div class=\"elementor-element elementor-element-611680e elementor-absolute flex-horizontal-align-default flex-horizontal-align-tablet-default flex-horizontal-align-mobile-default flex-vertical-align-default flex-vertical-align-tablet-default flex-vertical-align-mobile-default elementor-widget elementor-widget-heading\" data-id=\"611680e\" data-element_type=\"widget\" data-settings=\"{&quot;_position&quot;:&quot;absolute&quot;}\" data-widget_type=\"heading.default\">\n\t\t\t\t<div class=\"elementor-widget-container\">\n\t\t\t\t\t<h2 class=\"elementor-heading-title elementor-size-default\">SERTIFIKATI<\/h2>\t\t\t\t<\/div>\n\t\t\t\t<\/div>\n\t\t\t\t<\/div>\n\t\t<div class=\"elementor-element elementor-element-4dabffe thegem-e-con-layout-thegem e-flex e-con-boxed e-con e-parent\" data-id=\"4dabffe\" data-element_type=\"container\" data-settings=\"{&quot;thegem_container_layout&quot;:&quot;thegem&quot;}\">\n\t\t\t\t\t<div class=\"e-con-inner\">\n\t\t\t\t<div class=\"elementor-element elementor-element-7273652 flex-horizontal-align-default flex-horizontal-align-tablet-default flex-horizontal-align-mobile-default flex-vertical-align-default flex-vertical-align-tablet-default flex-vertical-align-mobile-default elementor-widget elementor-widget-text-editor\" data-id=\"7273652\" data-element_type=\"widget\" data-widget_type=\"text-editor.default\">\n\t\t\t\t<div class=\"elementor-widget-container\">\n\t\t\t\t\t\t\t\t\t\t\t\t<div class=\"elementor-text-editor elementor-clearfix\">\r\n\t\t\t\t\t\t<p>SERTIFIKATI<\/p>\t\t\t\t\t\t\t<\/div>\r\n\t\t\t\t\t\t\t\t\t\t<\/div>\n\t\t\t\t<\/div>\n\t\t\t\t<div class=\"elementor-element elementor-element-88efc8b flex-horizontal-align-default flex-horizontal-align-tablet-default flex-horizontal-align-mobile-default flex-vertical-align-default flex-vertical-align-tablet-default flex-vertical-align-mobile-default elementor-widget elementor-widget-heading\" data-id=\"88efc8b\" data-element_type=\"widget\" data-widget_type=\"heading.default\">\n\t\t\t\t<div class=\"elementor-widget-container\">\n\t\t\t\t\t<h2 class=\"elementor-heading-title elementor-size-default\">Na\u0161i Sertifikati<\/h2>\t\t\t\t<\/div>\n\t\t\t\t<\/div>\n\t\t\t\t<div class=\"elementor-element elementor-element-b52068d flex-horizontal-align-default flex-horizontal-align-tablet-default flex-horizontal-align-mobile-default flex-vertical-align-default flex-vertical-align-tablet-default flex-vertical-align-mobile-default elementor-widget elementor-widget-text-editor\" data-id=\"b52068d\" data-element_type=\"widget\" data-widget_type=\"text-editor.default\">\n\t\t\t\t<div class=\"elementor-widget-container\">\n\t\t\t\t\t\t\t\t\t\t\t\t<div class=\"elementor-text-editor elementor-clearfix\">\r\n\t\t\t\t\t\t<p>Na\u0161e slam\u010dice idealne su za \u0161irok spektar korisnika i primena.<\/p>\t\t\t\t\t\t\t<\/div>\r\n\t\t\t\t\t\t\t\t\t\t<\/div>\n\t\t\t\t<\/div>\n\t\t\t\t\t<\/div>\n\t\t\t\t<\/div>\n\t\t<div class=\"elementor-element elementor-element-541692d e-grid thegem-e-con-layout-thegem e-con-boxed e-con e-parent\" data-id=\"541692d\" data-element_type=\"container\" data-settings=\"{&quot;thegem_container_layout&quot;:&quot;thegem&quot;}\">\n\t\t\t\t\t<div class=\"e-con-inner\">\n\t\t\t\t<div class=\"elementor-element elementor-element-000911e flex-horizontal-align-default flex-horizontal-align-tablet-default flex-horizontal-align-mobile-default flex-vertical-align-default flex-vertical-align-tablet-default flex-vertical-align-mobile-default elementor-widget elementor-widget-image\" data-id=\"000911e\" data-element_type=\"widget\" data-widget_type=\"image.default\">\n\t\t\t\t<div class=\"elementor-widget-container\">\n\t\t\t\t\t\t\t\t\t\t\t\t\t\t\t<img width=\"377\" height=\"531\" src=\"https:\/\/www.sahranime.rs\/wp-content\/uploads\/2025\/01\/image-5.png\" class=\"attachment-large size-large wp-image-1749\" alt=\"\" srcset=\"https:\/\/www.sahranime.rs\/wp-content\/uploads\/2025\/01\/image-5.png 377w, https:\/\/www.sahranime.rs\/wp-content\/uploads\/2025\/01\/image-5-213x300.png 213w\" sizes=\"(max-width: 377px) 100vw, 377px\" \/>\t\t\t\t\t\t\t\t\t\t\t\t\t\t\t<\/div>\n\t\t\t\t<\/div>\n\t\t\t\t<div class=\"elementor-element elementor-element-528ea91 flex-horizontal-align-default flex-horizontal-align-tablet-default flex-horizontal-align-mobile-default flex-vertical-align-default flex-vertical-align-tablet-default flex-vertical-align-mobile-default elementor-widget elementor-widget-image\" data-id=\"528ea91\" data-element_type=\"widget\" data-widget_type=\"image.default\">\n\t\t\t\t<div class=\"elementor-widget-container\">\n\t\t\t\t\t\t\t\t\t\t\t\t\t\t\t<img width=\"377\" height=\"531\" src=\"https:\/\/www.sahranime.rs\/wp-content\/uploads\/2025\/01\/image-6.png\" class=\"attachment-large size-large wp-image-1748\" alt=\"\" srcset=\"https:\/\/www.sahranime.rs\/wp-content\/uploads\/2025\/01\/image-6.png 377w, https:\/\/www.sahranime.rs\/wp-content\/uploads\/2025\/01\/image-6-213x300.png 213w\" sizes=\"(max-width: 377px) 100vw, 377px\" \/>\t\t\t\t\t\t\t\t\t\t\t\t\t\t\t<\/div>\n\t\t\t\t<\/div>\n\t\t\t\t<div class=\"elementor-element elementor-element-4b07940 flex-horizontal-align-default flex-horizontal-align-tablet-default flex-horizontal-align-mobile-default flex-vertical-align-default flex-vertical-align-tablet-default flex-vertical-align-mobile-default elementor-widget elementor-widget-image\" data-id=\"4b07940\" data-element_type=\"widget\" data-widget_type=\"image.default\">\n\t\t\t\t<div class=\"elementor-widget-container\">\n\t\t\t\t\t\t\t\t\t\t\t\t\t\t\t<img width=\"376\" height=\"531\" src=\"https:\/\/www.sahranime.rs\/wp-content\/uploads\/2025\/01\/image-17.png\" class=\"attachment-large size-large wp-image-1747\" alt=\"\" srcset=\"https:\/\/www.sahranime.rs\/wp-content\/uploads\/2025\/01\/image-17.png 376w, https:\/\/www.sahranime.rs\/wp-content\/uploads\/2025\/01\/image-17-212x300.png 212w\" sizes=\"(max-width: 376px) 100vw, 376px\" \/>\t\t\t\t\t\t\t\t\t\t\t\t\t\t\t<\/div>\n\t\t\t\t<\/div>\n\t\t\t\t<div class=\"elementor-element elementor-element-d6acf82 flex-horizontal-align-default flex-horizontal-align-tablet-default flex-horizontal-align-mobile-default flex-vertical-align-default flex-vertical-align-tablet-default flex-vertical-align-mobile-default elementor-widget elementor-widget-image\" data-id=\"d6acf82\" data-element_type=\"widget\" data-widget_type=\"image.default\">\n\t\t\t\t<div class=\"elementor-widget-container\">\n\t\t\t\t\t\t\t\t\t\t\t\t\t\t\t<img width=\"376\" height=\"531\" src=\"https:\/\/www.sahranime.rs\/wp-content\/uploads\/2025\/01\/image.png\" class=\"attachment-large size-large wp-image-1746\" alt=\"\" srcset=\"https:\/\/www.sahranime.rs\/wp-content\/uploads\/2025\/01\/image.png 376w, https:\/\/www.sahranime.rs\/wp-content\/uploads\/2025\/01\/image-212x300.png 212w\" sizes=\"(max-width: 376px) 100vw, 376px\" \/>\t\t\t\t\t\t\t\t\t\t\t\t\t\t\t<\/div>\n\t\t\t\t<\/div>\n\t\t\t\t<div class=\"elementor-element elementor-element-af42894 flex-horizontal-align-default flex-horizontal-align-tablet-default flex-horizontal-align-mobile-default flex-vertical-align-default flex-vertical-align-tablet-default flex-vertical-align-mobile-default elementor-widget elementor-widget-image\" data-id=\"af42894\" data-element_type=\"widget\" data-widget_type=\"image.default\">\n\t\t\t\t<div class=\"elementor-widget-container\">\n\t\t\t\t\t\t\t\t\t\t\t\t\t\t\t<img width=\"376\" height=\"531\" src=\"https:\/\/www.sahranime.rs\/wp-content\/uploads\/2025\/01\/image-4.png\" class=\"attachment-large size-large wp-image-1745\" alt=\"\" srcset=\"https:\/\/www.sahranime.rs\/wp-content\/uploads\/2025\/01\/image-4.png 376w, https:\/\/www.sahranime.rs\/wp-content\/uploads\/2025\/01\/image-4-212x300.png 212w\" sizes=\"(max-width: 376px) 100vw, 376px\" \/>\t\t\t\t\t\t\t\t\t\t\t\t\t\t\t<\/div>\n\t\t\t\t<\/div>\n\t\t\t\t<div class=\"elementor-element elementor-element-eb43407 flex-horizontal-align-default flex-horizontal-align-tablet-default flex-horizontal-align-mobile-default flex-vertical-align-default flex-vertical-align-tablet-default flex-vertical-align-mobile-default elementor-widget elementor-widget-image\" data-id=\"eb43407\" data-element_type=\"widget\" data-widget_type=\"image.default\">\n\t\t\t\t<div class=\"elementor-widget-container\">\n\t\t\t\t\t\t\t\t\t\t\t\t\t\t\t<img width=\"376\" height=\"531\" src=\"https:\/\/www.sahranime.rs\/wp-content\/uploads\/2025\/01\/image-3.png\" class=\"attachment-large size-large wp-image-1744\" alt=\"\" srcset=\"https:\/\/www.sahranime.rs\/wp-content\/uploads\/2025\/01\/image-3.png 376w, https:\/\/www.sahranime.rs\/wp-content\/uploads\/2025\/01\/image-3-212x300.png 212w\" sizes=\"(max-width: 376px) 100vw, 376px\" \/>\t\t\t\t\t\t\t\t\t\t\t\t\t\t\t<\/div>\n\t\t\t\t<\/div>\n\t\t\t\t<div class=\"elementor-element elementor-element-0312f58 flex-horizontal-align-default flex-horizontal-align-tablet-default flex-horizontal-align-mobile-default flex-vertical-align-default flex-vertical-align-tablet-default flex-vertical-align-mobile-default elementor-widget elementor-widget-image\" data-id=\"0312f58\" data-element_type=\"widget\" data-widget_type=\"image.default\">\n\t\t\t\t<div class=\"elementor-widget-container\">\n\t\t\t\t\t\t\t\t\t\t\t\t\t\t\t<img width=\"376\" height=\"531\" src=\"https:\/\/www.sahranime.rs\/wp-content\/uploads\/2025\/01\/image-2.png\" class=\"attachment-large size-large wp-image-1743\" alt=\"\" srcset=\"https:\/\/www.sahranime.rs\/wp-content\/uploads\/2025\/01\/image-2.png 376w, https:\/\/www.sahranime.rs\/wp-content\/uploads\/2025\/01\/image-2-212x300.png 212w\" sizes=\"(max-width: 376px) 100vw, 376px\" \/>\t\t\t\t\t\t\t\t\t\t\t\t\t\t\t<\/div>\n\t\t\t\t<\/div>\n\t\t\t\t<div class=\"elementor-element elementor-element-14b18b8 flex-horizontal-align-default flex-horizontal-align-tablet-default flex-horizontal-align-mobile-default flex-vertical-align-default flex-vertical-align-tablet-default flex-vertical-align-mobile-default elementor-widget elementor-widget-image\" data-id=\"14b18b8\" data-element_type=\"widget\" data-widget_type=\"image.default\">\n\t\t\t\t<div class=\"elementor-widget-container\">\n\t\t\t\t\t\t\t\t\t\t\t\t\t\t\t<img width=\"376\" height=\"531\" src=\"https:\/\/www.sahranime.rs\/wp-content\/uploads\/2025\/01\/image-1-1.png\" class=\"attachment-large size-large wp-image-1742\" alt=\"\" srcset=\"https:\/\/www.sahranime.rs\/wp-content\/uploads\/2025\/01\/image-1-1.png 376w, https:\/\/www.sahranime.rs\/wp-content\/uploads\/2025\/01\/image-1-1-212x300.png 212w\" sizes=\"(max-width: 376px) 100vw, 376px\" \/>\t\t\t\t\t\t\t\t\t\t\t\t\t\t\t<\/div>\n\t\t\t\t<\/div>\n\t\t\t\t\t<\/div>\n\t\t\t\t<\/div>\n\t\t\t\t<\/div>","protected":false},"excerpt":{"rendered":"<p>SERTIFIKATI SERTIFIKATI Na\u0161i Sertifikati Na\u0161e slam\u010dice idealne su za \u0161irok spektar korisnika i primena.<\/p>","protected":false},"author":1,"featured_media":0,"parent":0,"menu_order":0,"comment_status":"closed","ping_status":"closed","template":"page-fullwidth.php","meta":{"footnotes":""},"class_list":["post-1650","page","type-page","status-publish"],"_links":{"self":[{"href":"https:\/\/www.sahranime.rs\/sr\/wp-json\/wp\/v2\/pages\/1650","targetHints":{"allow":["GET"]}}],"collection":[{"href":"https:\/\/www.sahranime.rs\/sr\/wp-json\/wp\/v2\/pages"}],"about":[{"href":"https:\/\/www.sahranime.rs\/sr\/wp-json\/wp\/v2\/types\/page"}],"author":[{"embeddable":true,"href":"https:\/\/www.sahranime.rs\/sr\/wp-json\/wp\/v2\/users\/1"}],"replies":[{"embeddable":true,"href":"https:\/\/www.sahranime.rs\/sr\/wp-json\/wp\/v2\/comments?post=1650"}],"version-history":[{"count":37,"href":"https:\/\/www.sahranime.rs\/sr\/wp-json\/wp\/v2\/pages\/1650\/revisions"}],"predecessor-version":[{"id":3182,"href":"https:\/\/www.sahranime.rs\/sr\/wp-json\/wp\/v2\/pages\/1650\/revisions\/3182"}],"wp:attachment":[{"href":"https:\/\/www.sahranime.rs\/sr\/wp-json\/wp\/v2\/media?parent=1650"}],"curies":[{"name":"wp","href":"https:\/\/api.w.org\/{rel}","templated":true}]}}